{"id":90426,"date":"2025-02-18T11:14:41","date_gmt":"2025-02-18T10:14:41","guid":{"rendered":"https:\/\/shop.barfuesser.ch\/gutscheine\/agb\/"},"modified":"2025-02-18T11:14:42","modified_gmt":"2025-02-18T10:14:42","slug":"agb","status":"publish","type":"page","link":"https:\/\/shop.barfuesser.ch\/gutscheine\/agb\/","title":{"rendered":"AGB"},"content":{"rendered":"\n<h3 class=\"wp-block-heading\">1. Allgemeine Bestimmungen<\/h3>\n\n\n\n<p>1.1 Diese allgemeinen Gesch\u00e4ftsbedingungen (nachfolgend AGB&#8217;s) der [bloginfo info=&#8220;company&#8220;], [bloginfo info=&#8220;address&#8220;], [bloginfo info=&#8220;zip&#8220;] [bloginfo info=&#8220;city&#8220;], nachfolgend [bloginfo info=&#8220;company&#8220;], regeln die Rechte und Pflichten von Nutzern (nachfolgend K\u00e4ufer\/Kunde) der Website von [bloginfo info=&#8220;company&#8220;] auf [bloginfo2 info=&#8220;wpurl&#8220;] im Zusammenhang mit der Nutzung der angebotenen Dienstleistungen (Nutzung der Website, Warenverkauf, usw.).<\/p>\n\n\n\n<p>Sie regeln die Rechtsbeziehungen zwischen [bloginfo info=&#8220;company&#8220;] und den K\u00e4ufern\/Kunden abschliessend, soweit sie nicht auf andere Bestimmungen verweisen oder solche f\u00fcr anwendbar erkl\u00e4ren.<br>1.2 [bloginfo info=&#8220;company&#8220;] beh\u00e4lt sich das Recht vor, an diesen AGB\u2019s jederzeit und ohne Nennung von Gr\u00fcnden \u00c4nderungen vorzunehmen und die jeweils aktuelle Fassung auf [bloginfo2 info=&#8220;wpurl&#8220;] zu ver\u00f6ffentlichen. Durch Anklicken des Buttons &#8222;Jetzt kaufen&#8220; geben Sie eine verbindliche Bestellung der im Warenkorb enthaltenen Waren ab. Die Best\u00e4tigung des Eingangs der Bestellung folgt unmittelbar nach dem Absenden der Bestellung.<\/p>\n\n\n\n<h3 class=\"wp-block-heading\">2. Geltung der AGB<\/h3>\n\n\n\n<p>2.1 Die vorliegenden allgemeinen Gesch\u00e4ftsbedingungen gelten f\u00fcr Kaufvertr\u00e4ge von Privatpersonen wie Unternehmen, die diese \u00fcber die Webseite von [bloginfo info=&#8220;company&#8220;] abschliessen.<\/p>\n\n\n\n<p>2.2 F\u00fcr Distanzk\u00e4ufe, die auf andere Art, z.B. per E-Mail, Telefon, Fax oder Brief abgeschlossen werden, gelten die vorliegenden allgemeinen Gesch\u00e4ftsbedingungen ebenfalls.<\/p>\n\n\n\n<p>2.3 Die vorliegenden allgemeinen Gesch\u00e4ftsbedingungen k\u00f6nnen jederzeit auf [bloginfo2 info=&#8220;wpurl&#8220;] unter AGB eingesehen, heruntergeladen, gespeichert und ausgedruckt werden.<\/p>\n\n\n\n<h3 class=\"wp-block-heading\">3. Vertragsschluss<\/h3>\n\n\n\n<p>3.1 [bloginfo info=&#8220;company&#8220;] (Verk\u00e4uferin, Anbieterin) verkauft Waren und Produkte gem\u00e4ss online gef\u00fchrter Warenangebotsliste und wird bei Kaufvertragsabschluss damit Vertragspartei der K\u00e4ufer\/Kunden hinsichtlich der erworbenen Artikel.<\/p>\n\n\n\n<p>3.2 Angebote gelten als Einladungen zur Offertstellung. Mit der Bestellung durch Anklicken des Buttons \u201eBest\u00e4tigen\u201c respektive \u201eJetzt kaufen\u201c erkl\u00e4rt der K\u00e4ufer\/Kunde sodann verbindlich den Abschluss des Vertrags, mit [bloginfo info=&#8220;company&#8220;] und damit die \u00dcbernahme der vorliegenden AGB\u2018s. Die Bestellung wird in der Folge von [bloginfo info=&#8220;company&#8220;] per E-Mail best\u00e4tigt.<\/p>\n\n\n\n<p>3.3 [bloginfo info=&#8220;company&#8220;] haftet jedoch nicht f\u00fcr den Untergang\/Verlust von Best\u00e4tigungen per E-Mail oder bei falscher E-Mail Angabe durch den K\u00e4ufer\/Kunden. Es bleibt folglich unbenommen, den Abschluss durch Vorweisen einer Best\u00e4tigungsmail zu belegen.<\/p>\n\n\n\n<h3 class=\"wp-block-heading\">4. Vertragsinhalt<\/h3>\n\n\n\n<p>Vorbehaltlich vorliegender allgemeiner Gesch\u00e4ftsbedingungen bestimmt sich der Inhalt des zwischen und dem K\u00e4ufer\/Kunden geschlossenen Vertrags nach der vom aufgef\u00fchrten Produktbeschreibung und den von ihr festgelegten Bedingungen gem\u00e4ss Warenangebotsliste, wie sie im Zeitpunkt der verbindlichen Bestellung seitens des K\u00e4ufers\/Kunden auf der Bestellseite ersichtlich gewesen sind.<\/p>\n\n\n\n<h3 class=\"wp-block-heading\">5. Sorgfaltspflichten des Kunden<\/h3>\n\n\n\n<p>Der Kunde verpflichtet sich, wahrheitsgem\u00e4sse, exakte, aktuelle und vollst\u00e4ndige Angaben zu seiner Person auf dem Bestellformular zu machen. [bloginfo info=&#8220;company&#8220;] schliesst f\u00fcr Verluste und Sch\u00e4den, die sich aus der Nichterf\u00fcllung dieser Verpflichtungen ergeben, jegliche Haftung aus. Wir behalten uns vor, diese Angaben durch R\u00fcckruf oder \u00e4hnliche geeignete Massnahmen zu \u00fcberpr\u00fcfen und bei Missachtung unserer AGB einzelne Personen von dem Online-Bestellservice auszuschliessen.<\/p>\n\n\n\n<h3 class=\"wp-block-heading\">6. Bestellung und Lieferung<\/h3>\n\n\n\n<p>Bei Auswahl der Lieferoption &#8222;Lieferung&#8220; muss der Kunde zum Zeitpunkt der Lieferung anwesend sein. Sollte der Kunde nicht auffindbar sein und der Kurier kann ihn nicht erreichen, ist der Kurier berechtigt, die Lieferung im zugeh\u00f6rigen Briefkasten zu hinterlegen oder, falls dies nicht m\u00f6glich ist, mitzunehmen. Dies gilt ebenfalls, sollte die Lieferung nicht bezahlt werden. [bloginfo info=&#8220;company&#8220;] \u00fcbernimmt keine Haftung f\u00fcr Verluste oder Sch\u00e4den, die durch solche Umst\u00e4nde entstehen k\u00f6nnten. Bei Bestellungen mit fehlerhaften oder unvollst\u00e4ndigen Lieferinformationen oder bei Abwesenheit zum Lieferzeitpunkt wird der gesamte Betrag des Auftrags in Rechnung gestellt.<\/p>\n\n\n\n<h3 class=\"wp-block-heading\">7. Jugendschutz<\/h3>\n\n\n\n<p>Altersbeschr\u00e4nkungen f\u00fcr den Kauf alkoholischer Getr\u00e4nke: F\u00fcr den Kauf von Bier, Wein und Apfelwein ist ein Mindestalter von 16 Jahren erforderlich. F\u00fcr den Erwerb von Spirituosen, Aperitifs und Alcopops gilt ein Mindestalter von 18 Jahren. Durch die Aufgabe einer Bestellung auf [bloginfo2 info=&#8220;wpurl&#8220;] best\u00e4tigt der Kunde, dass er das gesetzlich vorgeschriebene Mindestalter erreicht hat und somit zum Kauf alkoholhaltiger Getr\u00e4nke berechtigt ist.<\/p>\n\n\n\n<p>Altersverifikation bei Lieferung: Sollte die Bestellung alkoholische Getr\u00e4nke umfassen, beh\u00e4lt sich [bloginfo info=&#8220;company&#8220;] das Recht vor, bei der Zustellung eine Alterskontrolle durchzuf\u00fchren. Kann der Kunde sein Alter nicht nachweisen oder entspricht er nicht dem erforderlichen Mindestalter, ist [bloginfo info=&#8220;company&#8220;] berechtigt, die Auslieferung der alkoholischen Produkte zu verweigern und diese Positionen der Bestellung zu stornieren. Anspr\u00fcche des Kunden in Bezug auf die Ablehnung der Lieferung aufgrund fehlender oder unzureichender Altersnachweise sind ausgeschlossen.<\/p>\n\n\n\n<h3 class=\"wp-block-heading\">8. Preise und Angebote<\/h3>\n\n\n\n<p>8.1 Die Preise werden in Schweizerfranken (CHF) angegeben.<\/p>\n\n\n\n<p>7.2 [bloginfo info=&#8220;company&#8220;] beh\u00e4lt sich das Recht vor, die Preise jederzeit zu \u00e4ndern. F\u00fcr die K\u00e4ufer\/Kunden gelten die am Bestelldatum auf der Webseite ver\u00f6ffentlichten Preise.<\/p>\n\n\n\n<p>8.3 Angebote auf [bloginfo2 info=&#8220;wpurl&#8220;] stehen unter der (aufl\u00f6senden) Bedingung einer fehlerhaften Preisangabe oder einer Lieferunm\u00f6glichkeit. [bloginfo info=&#8220;company&#8220;] haftet nicht f\u00fcr offensichtlich falsche Preisausschreibungen oder Produktbeschreibungen.<\/p>\n\n\n\n<p>8.4 [bloginfo info=&#8220;company&#8220;] beh\u00e4lt sich vor, die angebotene Dienstleistung mit oder ohne Mitteilung an den Kunden zeitweilig oder auf Dauer zu \u00e4ndern, zu unterbrechen oder einzustellen. [bloginfo info=&#8220;company&#8220;] haftet nicht gegen\u00fcber dem Kunden f\u00fcr die \u00c4nderung, Unterbrechung oder Einstellung des Dienstes.<\/p>\n\n\n\n<h3 class=\"wp-block-heading\">9. Datenschutz<\/h3>\n\n\n\n<p>[bloginfo info=&#8220;company&#8220;] nimmt nur die zwingend ben\u00f6tigten Daten auf und benutzt diese im Rahmen der Abwicklung der Bestellung sowie mit dem Zweck, dem wiederkehrenden Kunden das Einkaufen so einfach wie m\u00f6glich zu gestalten. Weiteres ist in der online zug\u00e4nglichen Datenschutzerkl\u00e4rung geregelt.<\/p>\n\n\n\n<h3 class=\"wp-block-heading\">10. Gew\u00e4hrleistung, Haftung<\/h3>\n\n\n\n<p>Der Kunde erkl\u00e4rt sich ausdr\u00fccklich damit einverstanden, dass die Nutzung des von [bloginfo info=&#8220;company&#8220;] zur Verf\u00fcgung gestellten Dienstes auf eigene Gefahr erfolgt.<\/p>\n\n\n\n<p>10.1 Eine Haftung von f\u00fcr direkte Sch\u00e4den wird, soweit gesetzlich zul\u00e4ssig, ausdr\u00fccklich wegbedungen. Eine Haftung f\u00fcr leichtes Verschulden ist damit ausgeschlossen. Ebenso haftet weder f\u00fcr indirekte Sch\u00e4den noch f\u00fcr Folgesch\u00e4den.<br>10.2 [bloginfo info=&#8220;company&#8220;] haftet nicht f\u00fcr eine zeitweilige Nichtverf\u00fcgbarkeit der Website, ebenso wenig f\u00fcr den Ausfall einzelner oder s\u00e4mtlicher Website-Funktionen oder Fehlfunktionen der Website, noch f\u00fcr die Nutzung der Website im Allgemeinen.<br>10.3 Der K\u00e4ufer\/Kunde ist f\u00fcr die Sicherheit der Systeme, Programme und Daten, die sich in seinem Einflussbereich befinden, selbst besorgt. Der K\u00e4ufer\/Kunde sollte in eigenem Interesse Passw\u00f6rter und Benutzernamen gegen\u00fcber Dritten geheim halten.<br>10.4 [bloginfo info=&#8220;company&#8220;] haften nicht f\u00fcr M\u00e4ngel und St\u00f6rungen, die sie nicht zu vertreten haben, insbesondere nicht f\u00fcr Sicherheitsm\u00e4ngel und Betriebsausf\u00e4lle von Drittunternehmen, mit denen sie zusammenarbeiteten oder von denen sie abh\u00e4ngig sind.<br>10.5 Weiter wird nicht f\u00fcr h\u00f6here Gewalt gehaftet, unsachgem\u00e4sses Vorgehen und Missachtung der Risiken seitens des K\u00e4ufers\/Kunden oder Dritter, \u00fcberm\u00e4ssige Beanspruchung, ungeeignete Betriebsmittel, extreme Umgebungseinfl\u00fcsse, Eingriffe des Kunden oder St\u00f6rungen durch Dritte (Viren, W\u00fcrmer usw.), die trotz Sicherheitsvorkehrungen auftreten k\u00f6nnen.<\/p>\n\n\n\n<p>10.6 Bei [bloginfo info=&#8220;company&#8220;] kommen Zutaten und Zusatzstoffe zum Einsatz, die m\u00f6glicherweise allergische Reaktionen oder Unvertr\u00e4glichkeiten hervorrufen k\u00f6nnen. Kunden sind angehalten, sich eigenverantwortlich \u00fcber die Inhaltsstoffe unserer Speisen und Getr\u00e4nke zu informieren. Bei Unsicherheiten empfehlen wir, sich direkt an uns zu wenden.<\/p>\n\n\n\n<h3 class=\"wp-block-heading\">11. Salvatorisch Klausel, anwendbares Recht und Gerichtsstand<\/h3>\n\n\n\n<p>11.1 Sollten einzelne Bestimmungen dieser allgemeinen Gesch\u00e4ftsbedingungen ganz oder teilweise nichtig oder unwirksam sein, so wird die G\u00fcltigkeit oder Wirksamkeit der \u00fcbrigen (Teil-)Bestimmungen hiervon nicht ber\u00fchrt. Ung\u00fcltige oder unwirksame Bestimmungen werden dabei durch solche ersetzt, die dem Sinn und Zweck der ung\u00fcltigen oder unwirksamen Bestimmungen wirtschaftlich am n\u00e4chsten kommen. Gleiches gilt bei allf\u00e4lligen L\u00fccken der vorliegenden Regelung.<br>11.2 Diese AGB\u2019s, die zwischen K\u00e4ufer\/Kunde und abgeschlossenen Kaufvertr\u00e4ge sowie alle damit im Zusammenhang stehenden Streitigkeiten unterstehen ausschliesslich schweizerischem Recht.<br>11.3 Ausschliesslicher Gerichtsstand f\u00fcr s\u00e4mtliche Streitigkeiten aus der Gesch\u00e4ftsbeziehung zwischen dem K\u00e4ufer\/Kunden und, ein allenfalls gesetzlich zwingender Gerichtsstand vorbehalten, ist der Sitz von [bloginfo info=&#8220;company&#8220;].<\/p>\n","protected":false},"excerpt":{"rendered":"<p>1. Allgemeine Bestimmungen 1.1 Diese allgemeinen Gesch\u00e4ftsbedingungen (nachfolgend AGB&#8217;s) der [bloginfo info=&#8220;company&#8220;], [bloginfo info=&#8220;address&#8220;], [bloginfo info=&#8220;zip&#8220;] [bloginfo info=&#8220;city&#8220;], nachfolgend [bloginfo info=&#8220;company&#8220;], regeln die Rechte und Pflichten von Nutzern (nachfolgend K\u00e4ufer\/Kunde) der Website von [bloginfo info=&#8220;company&#8220;] auf [bloginfo2 info=&#8220;wpurl&#8220;] im Zusammenhang mit der Nutzung der angebotenen Dienstleistungen (Nutzung der Website, Warenverkauf, usw.). Sie regeln die Rechtsbeziehungen [&hellip;]<\/p>\n","protected":false},"author":1,"featured_media":0,"parent":0,"menu_order":0,"comment_status":"closed","ping_status":"closed","template":"","meta":{"footnotes":""},"class_list":["post-90426","page","type-page","status-publish","hentry"],"yoast_head":"<!-- This site is optimized with the Yoast SEO plugin v27.5 - https:\/\/yoast.com\/product\/yoast-seo-wordpress\/ -->\n<title>AGB - Barf\u00fcsser Gutscheine<\/title>\n<meta name=\"robots\" content=\"index, follow, max-snippet:-1, max-image-preview:large, max-video-preview:-1\" \/>\n<link rel=\"canonical\" href=\"https:\/\/shop.barfuesser.ch\/gutscheine\/agb\/\" \/>\n<meta property=\"og:locale\" content=\"de_DE\" \/>\n<meta property=\"og:type\" content=\"article\" \/>\n<meta property=\"og:title\" content=\"AGB - Barf\u00fcsser Gutscheine\" \/>\n<meta property=\"og:description\" content=\"1. Allgemeine Bestimmungen 1.1 Diese allgemeinen Gesch\u00e4ftsbedingungen (nachfolgend AGB&#8217;s) der [bloginfo info=&#8220;company&#8220;], [bloginfo info=&#8220;address&#8220;], [bloginfo info=&#8220;zip&#8220;] [bloginfo info=&#8220;city&#8220;], nachfolgend [bloginfo info=&#8220;company&#8220;], regeln die Rechte und Pflichten von Nutzern (nachfolgend K\u00e4ufer\/Kunde) der Website von [bloginfo info=&#8220;company&#8220;] auf [bloginfo2 info=&#8220;wpurl&#8220;] im Zusammenhang mit der Nutzung der angebotenen Dienstleistungen (Nutzung der Website, Warenverkauf, usw.). Sie regeln die Rechtsbeziehungen [&hellip;]\" \/>\n<meta property=\"og:url\" content=\"https:\/\/shop.barfuesser.ch\/gutscheine\/agb\/\" \/>\n<meta property=\"og:site_name\" content=\"Barf\u00fcsser Gutscheine\" \/>\n<meta property=\"article:modified_time\" content=\"2025-02-18T10:14:42+00:00\" \/>\n<meta name=\"twitter:card\" content=\"summary_large_image\" \/>\n<meta name=\"twitter:label1\" content=\"Gesch\u00e4tzte Lesezeit\" \/>\n\t<meta name=\"twitter:data1\" content=\"7\u00a0Minuten\" \/>\n<script type=\"application\/ld+json\" class=\"yoast-schema-graph\">{\"@context\":\"https:\\\/\\\/schema.org\",\"@graph\":[{\"@type\":\"WebPage\",\"@id\":\"https:\\\/\\\/shop.barfuesser.ch\\\/gutscheine\\\/agb\\\/\",\"url\":\"https:\\\/\\\/shop.barfuesser.ch\\\/gutscheine\\\/agb\\\/\",\"name\":\"AGB - Barf\u00fcsser Gutscheine\",\"isPartOf\":{\"@id\":\"https:\\\/\\\/shop.barfuesser.ch\\\/gutscheine\\\/#website\"},\"datePublished\":\"2025-02-18T10:14:41+00:00\",\"dateModified\":\"2025-02-18T10:14:42+00:00\",\"breadcrumb\":{\"@id\":\"https:\\\/\\\/shop.barfuesser.ch\\\/gutscheine\\\/agb\\\/#breadcrumb\"},\"inLanguage\":\"de\",\"potentialAction\":[{\"@type\":\"ReadAction\",\"target\":[\"https:\\\/\\\/shop.barfuesser.ch\\\/gutscheine\\\/agb\\\/\"]}]},{\"@type\":\"BreadcrumbList\",\"@id\":\"https:\\\/\\\/shop.barfuesser.ch\\\/gutscheine\\\/agb\\\/#breadcrumb\",\"itemListElement\":[{\"@type\":\"ListItem\",\"position\":1,\"name\":\"Home\",\"item\":\"https:\\\/\\\/shop.barfuesser.ch\\\/gutscheine\\\/\"},{\"@type\":\"ListItem\",\"position\":2,\"name\":\"AGB\"}]},{\"@type\":\"WebSite\",\"@id\":\"https:\\\/\\\/shop.barfuesser.ch\\\/gutscheine\\\/#website\",\"url\":\"https:\\\/\\\/shop.barfuesser.ch\\\/gutscheine\\\/\",\"name\":\"Barf\u00fcsser Gutscheine\",\"description\":\"Sushi home delivery\",\"potentialAction\":[{\"@type\":\"SearchAction\",\"target\":{\"@type\":\"EntryPoint\",\"urlTemplate\":\"https:\\\/\\\/shop.barfuesser.ch\\\/gutscheine\\\/?s={search_term_string}\"},\"query-input\":{\"@type\":\"PropertyValueSpecification\",\"valueRequired\":true,\"valueName\":\"search_term_string\"}}],\"inLanguage\":\"de\"}]}<\/script>\n<!-- \/ Yoast SEO plugin. -->","yoast_head_json":{"title":"AGB - Barf\u00fcsser Gutscheine","robots":{"index":"index","follow":"follow","max-snippet":"max-snippet:-1","max-image-preview":"max-image-preview:large","max-video-preview":"max-video-preview:-1"},"canonical":"https:\/\/shop.barfuesser.ch\/gutscheine\/agb\/","og_locale":"de_DE","og_type":"article","og_title":"AGB - Barf\u00fcsser Gutscheine","og_description":"1. Allgemeine Bestimmungen 1.1 Diese allgemeinen Gesch\u00e4ftsbedingungen (nachfolgend AGB&#8217;s) der [bloginfo info=&#8220;company&#8220;], [bloginfo info=&#8220;address&#8220;], [bloginfo info=&#8220;zip&#8220;] [bloginfo info=&#8220;city&#8220;], nachfolgend [bloginfo info=&#8220;company&#8220;], regeln die Rechte und Pflichten von Nutzern (nachfolgend K\u00e4ufer\/Kunde) der Website von [bloginfo info=&#8220;company&#8220;] auf [bloginfo2 info=&#8220;wpurl&#8220;] im Zusammenhang mit der Nutzung der angebotenen Dienstleistungen (Nutzung der Website, Warenverkauf, usw.). Sie regeln die Rechtsbeziehungen [&hellip;]","og_url":"https:\/\/shop.barfuesser.ch\/gutscheine\/agb\/","og_site_name":"Barf\u00fcsser Gutscheine","article_modified_time":"2025-02-18T10:14:42+00:00","twitter_card":"summary_large_image","twitter_misc":{"Gesch\u00e4tzte Lesezeit":"7\u00a0Minuten"},"schema":{"@context":"https:\/\/schema.org","@graph":[{"@type":"WebPage","@id":"https:\/\/shop.barfuesser.ch\/gutscheine\/agb\/","url":"https:\/\/shop.barfuesser.ch\/gutscheine\/agb\/","name":"AGB - Barf\u00fcsser Gutscheine","isPartOf":{"@id":"https:\/\/shop.barfuesser.ch\/gutscheine\/#website"},"datePublished":"2025-02-18T10:14:41+00:00","dateModified":"2025-02-18T10:14:42+00:00","breadcrumb":{"@id":"https:\/\/shop.barfuesser.ch\/gutscheine\/agb\/#breadcrumb"},"inLanguage":"de","potentialAction":[{"@type":"ReadAction","target":["https:\/\/shop.barfuesser.ch\/gutscheine\/agb\/"]}]},{"@type":"BreadcrumbList","@id":"https:\/\/shop.barfuesser.ch\/gutscheine\/agb\/#breadcrumb","itemListElement":[{"@type":"ListItem","position":1,"name":"Home","item":"https:\/\/shop.barfuesser.ch\/gutscheine\/"},{"@type":"ListItem","position":2,"name":"AGB"}]},{"@type":"WebSite","@id":"https:\/\/shop.barfuesser.ch\/gutscheine\/#website","url":"https:\/\/shop.barfuesser.ch\/gutscheine\/","name":"Barf\u00fcsser Gutscheine","description":"Sushi home delivery","potentialAction":[{"@type":"SearchAction","target":{"@type":"EntryPoint","urlTemplate":"https:\/\/shop.barfuesser.ch\/gutscheine\/?s={search_term_string}"},"query-input":{"@type":"PropertyValueSpecification","valueRequired":true,"valueName":"search_term_string"}}],"inLanguage":"de"}]}},"_links":{"self":[{"href":"https:\/\/shop.barfuesser.ch\/gutscheine\/wp-json\/wp\/v2\/pages\/90426","targetHints":{"allow":["GET"]}}],"collection":[{"href":"https:\/\/shop.barfuesser.ch\/gutscheine\/wp-json\/wp\/v2\/pages"}],"about":[{"href":"https:\/\/shop.barfuesser.ch\/gutscheine\/wp-json\/wp\/v2\/types\/page"}],"author":[{"embeddable":true,"href":"https:\/\/shop.barfuesser.ch\/gutscheine\/wp-json\/wp\/v2\/users\/1"}],"replies":[{"embeddable":true,"href":"https:\/\/shop.barfuesser.ch\/gutscheine\/wp-json\/wp\/v2\/comments?post=90426"}],"version-history":[{"count":1,"href":"https:\/\/shop.barfuesser.ch\/gutscheine\/wp-json\/wp\/v2\/pages\/90426\/revisions"}],"predecessor-version":[{"id":90427,"href":"https:\/\/shop.barfuesser.ch\/gutscheine\/wp-json\/wp\/v2\/pages\/90426\/revisions\/90427"}],"wp:attachment":[{"href":"https:\/\/shop.barfuesser.ch\/gutscheine\/wp-json\/wp\/v2\/media?parent=90426"}],"curies":[{"name":"wp","href":"https:\/\/api.w.org\/{rel}","templated":true}]}}