{"id":86085,"date":"2021-10-29T16:07:09","date_gmt":"2021-10-29T14:07:09","guid":{"rendered":"https:\/\/shop.barfuesser.ch\/oberrieden\/impressum\/"},"modified":"2026-03-27T15:51:08","modified_gmt":"2026-03-27T14:51:08","slug":"impressum","status":"publish","type":"page","link":"https:\/\/shop.barfuesser.ch\/gutscheine\/impressum\/","title":{"rendered":"Impressum"},"content":{"rendered":"<h1>Impressum<\/h1>\n<div>\n<p><strong>Restaurant Barf\u00fcsser<\/strong><br \/>KTF GmbH<br \/>Bahnhofstrasse 39<br \/>8706 Meilen<\/p>\n<h5>Kontakt<\/h5>\n<p>Telefon:<span>\u00a0<\/span><a class=\"plausible-event-name=Phone+Click\" href=\"tel:+41449230408\">044 923 04 08<\/a><br \/>E-Mail: meilen@barfuesser.ch<\/p>\n<\/p>\n<h5>Shopl\u00f6sung<\/h5>\n<p>Onlineshop wird bereitgestellt durch <a title=\"Onlineshop f\u00fcr Lieferdienste\" href=\"https:\/\/www.lieferchef.ch\">lieferchef.ch<\/a><\/p>\n<\/p>\n<h5>Haftungsausschluss<\/h5>\n<p>Der Autor \u00fcbernimmt keinerlei Gew\u00e4hr hinsichtlich der inhaltlichen Richtigkeit, Genauigkeit, Aktualit\u00e4t, Zuverl\u00e4ssigkeit und Vollst\u00e4ndigkeit der Informationen. Haftungsanspr\u00fcche gegen den Autor wegen Sch\u00e4den materieller oder immaterieller Art, welche aus dem Zugriff oder der Nutzung bzw. Nichtnutzung der ver\u00f6ffentlichten Informationen, durch Missbrauch der Verbindung oder durch technische St\u00f6rungen entstanden sind, werden ausgeschlossen. Alle Angebote sind unverbindlich. Der Autor beh\u00e4lt es sich ausdr\u00fccklich vor, Teile der Seiten oder das gesamte Angebot ohne gesonderte Ank\u00fcndigung zu ver\u00e4ndern, zu erg\u00e4nzen, zu l\u00f6schen oder die Ver\u00f6ffentlichung zeitweise oder endg\u00fcltig einzustellen.<\/p>\n<h5>Haftung f\u00fcr Links<\/h5>\n<p>Verweise und Links auf Webseiten Dritter liegen ausserhalb unseres Verantwortungsbereichs Es wird jegliche Verantwortung f\u00fcr solche Webseiten abgelehnt. Der Zugriff und die Nutzung solcher Webseiten erfolgen auf eigene Gefahr des Nutzers oder der Nutzerin.<\/p>\n<h5>Urheberrechte<\/h5>\n<p>Die Urheber- und alle anderen Rechte an Inhalten, Bildern, Fotos oder anderen Dateien auf der Website geh\u00f6ren ausschliesslich oder den speziell genannten Rechtsinhabern. F\u00fcr die Reproduktion jeglicher Elemente ist die schriftliche Zustimmung der Urheberrechtstr\u00e4ger im Voraus einzuholen.<br \/>BilderQuellen: adobe.com<\/p>\n<\/div>\n<p><!--more--><br \/>\n<!-- {\"type\":\"layout\",\"children\":[{\"type\":\"section\",\"props\":{\"image_position\":\"center-center\",\"style\":\"default\",\"title_breakpoint\":\"xl\",\"title_position\":\"top-left\",\"title_rotation\":\"left\",\"vertical_align\":\"\",\"width\":\"large\"},\"children\":[{\"type\":\"row\",\"children\":[{\"type\":\"column\",\"props\":{\"image_position\":\"center-center\",\"position_sticky_breakpoint\":\"m\",\"width_medium\":\"1-1\"},\"children\":[{\"type\":\"headline\",\"props\":{\"content\":\"Impressum\",\"title_element\":\"h1\"}},{\"type\":\"text\",\"props\":{\"column_breakpoint\":\"m\",\"content\":\"\n\n<p><strong>Restaurant Barf\\u00fcsser<\\\/strong><br \\\/>KTF GmbH<br \\\/>Bahnhofstrasse 39<br \\\/>8706 Meilen<\\\/p>\\n\n\n<h5>Kontakt<\\\/h5>\\n\n\n<p>Telefon:<span>\\u00a0<\\\/span><a class=\\\"plausible-event-name=Phone+Click\\\" href=\\\"tel:+41449230408\\\">044 923 04 08<\\\/a><br \\\/>E-Mail: meilen@barfuesser.ch<\\\/p>\\n\n\n<p><\\\/p>\\n\n\n<h5>Shopl\\u00f6sung<\\\/h5>\\n\n\n<p>Onlineshop wird bereitgestellt durch <a title=\\\"Onlineshop f\\u00fcr Lieferdienste\\\" href=\\\"https:\\\/\\\/www.lieferchef.ch\\\">lieferchef.ch<\\\/a><\\\/p>\\n\n\n<p><\\\/p>\\n\n\n<h5>Haftungsausschluss<\\\/h5>\\n\n\n<p>Der Autor \\u00fcbernimmt keinerlei Gew\\u00e4hr hinsichtlich der inhaltlichen Richtigkeit, Genauigkeit, Aktualit\\u00e4t, Zuverl\\u00e4ssigkeit und Vollst\\u00e4ndigkeit der Informationen. Haftungsanspr\\u00fcche gegen den Autor wegen Sch\\u00e4den materieller oder immaterieller Art, welche aus dem Zugriff oder der Nutzung bzw. Nichtnutzung der ver\\u00f6ffentlichten Informationen, durch Missbrauch der Verbindung oder durch technische St\\u00f6rungen entstanden sind, werden ausgeschlossen. Alle Angebote sind unverbindlich. Der Autor beh\\u00e4lt es sich ausdr\\u00fccklich vor, Teile der Seiten oder das gesamte Angebot ohne gesonderte Ank\\u00fcndigung zu ver\\u00e4ndern, zu erg\\u00e4nzen, zu l\\u00f6schen oder die Ver\\u00f6ffentlichung zeitweise oder endg\\u00fcltig einzustellen.<\\\/p>\\n\n\n<h5>Haftung f\\u00fcr Links<\\\/h5>\\n\n\n<p>Verweise und Links auf Webseiten Dritter liegen ausserhalb unseres Verantwortungsbereichs Es wird jegliche Verantwortung f\\u00fcr solche Webseiten abgelehnt. Der Zugriff und die Nutzung solcher Webseiten erfolgen auf eigene Gefahr des Nutzers oder der Nutzerin.<\\\/p>\\n\n\n<h5>Urheberrechte<\\\/h5>\\n\n\n<p>Die Urheber- und alle anderen Rechte an Inhalten, Bildern, Fotos oder anderen Dateien auf der Website geh\\u00f6ren ausschliesslich oder den speziell genannten Rechtsinhabern. F\\u00fcr die Reproduktion jeglicher Elemente ist die schriftliche Zustimmung der Urheberrechtstr\\u00e4ger im Voraus einzuholen.<br \\\/>BilderQuellen: adobe.com<\\\/p>\",\"margin\":\"default\"}}]}]}]}],\"version\":\"4.4.16\",\"yooessentialsVersion\":\"2.2.31\"} --><\/p>\n","protected":false},"excerpt":{"rendered":"<p>Impressum Restaurant Barf\u00fcsserKTF GmbHBahnhofstrasse 398706 Meilen Kontakt Telefon:\u00a0044 923 04 08E-Mail: meilen@barfuesser.ch Shopl\u00f6sung Onlineshop wird bereitgestellt durch lieferchef.ch Haftungsausschluss Der Autor \u00fcbernimmt keinerlei Gew\u00e4hr hinsichtlich der inhaltlichen Richtigkeit, Genauigkeit, Aktualit\u00e4t, Zuverl\u00e4ssigkeit und Vollst\u00e4ndigkeit der Informationen. Haftungsanspr\u00fcche gegen den Autor wegen Sch\u00e4den materieller oder immaterieller Art, welche aus dem Zugriff oder der Nutzung bzw. Nichtnutzung der [&hellip;]<\/p>\n","protected":false},"author":1,"featured_media":0,"parent":0,"menu_order":0,"comment_status":"closed","ping_status":"closed","template":"","meta":{"footnotes":""},"class_list":["post-86085","page","type-page","status-publish","hentry"],"yoast_head":"<!-- This site is optimized with the Yoast SEO plugin v27.5 - https:\/\/yoast.com\/product\/yoast-seo-wordpress\/ -->\n<title>Impressum - Barf\u00fcsser Gutscheine<\/title>\n<meta name=\"robots\" content=\"index, follow, max-snippet:-1, max-image-preview:large, max-video-preview:-1\" \/>\n<link rel=\"canonical\" href=\"https:\/\/shop.barfuesser.ch\/gutscheine\/impressum\/\" \/>\n<meta property=\"og:locale\" content=\"de_DE\" \/>\n<meta property=\"og:type\" content=\"article\" \/>\n<meta property=\"og:title\" content=\"Impressum - Barf\u00fcsser Gutscheine\" \/>\n<meta property=\"og:description\" content=\"Impressum Restaurant Barf\u00fcsserKTF GmbHBahnhofstrasse 398706 Meilen Kontakt Telefon:\u00a0044 923 04 08E-Mail: meilen@barfuesser.ch Shopl\u00f6sung Onlineshop wird bereitgestellt durch lieferchef.ch Haftungsausschluss Der Autor \u00fcbernimmt keinerlei Gew\u00e4hr hinsichtlich der inhaltlichen Richtigkeit, Genauigkeit, Aktualit\u00e4t, Zuverl\u00e4ssigkeit und Vollst\u00e4ndigkeit der Informationen. Haftungsanspr\u00fcche gegen den Autor wegen Sch\u00e4den materieller oder immaterieller Art, welche aus dem Zugriff oder der Nutzung bzw. Nichtnutzung der [&hellip;]\" \/>\n<meta property=\"og:url\" content=\"https:\/\/shop.barfuesser.ch\/gutscheine\/impressum\/\" \/>\n<meta property=\"og:site_name\" content=\"Barf\u00fcsser Gutscheine\" \/>\n<meta property=\"article:modified_time\" content=\"2026-03-27T14:51:08+00:00\" \/>\n<meta name=\"twitter:card\" content=\"summary_large_image\" \/>\n<meta name=\"twitter:label1\" content=\"Gesch\u00e4tzte Lesezeit\" \/>\n\t<meta name=\"twitter:data1\" content=\"1\u00a0Minute\" \/>\n<script type=\"application\/ld+json\" class=\"yoast-schema-graph\">{\"@context\":\"https:\\\/\\\/schema.org\",\"@graph\":[{\"@type\":\"WebPage\",\"@id\":\"https:\\\/\\\/shop.barfuesser.ch\\\/gutscheine\\\/impressum\\\/\",\"url\":\"https:\\\/\\\/shop.barfuesser.ch\\\/gutscheine\\\/impressum\\\/\",\"name\":\"Impressum - Barf\u00fcsser Gutscheine\",\"isPartOf\":{\"@id\":\"https:\\\/\\\/shop.barfuesser.ch\\\/gutscheine\\\/#website\"},\"datePublished\":\"2021-10-29T14:07:09+00:00\",\"dateModified\":\"2026-03-27T14:51:08+00:00\",\"breadcrumb\":{\"@id\":\"https:\\\/\\\/shop.barfuesser.ch\\\/gutscheine\\\/impressum\\\/#breadcrumb\"},\"inLanguage\":\"de\",\"potentialAction\":[{\"@type\":\"ReadAction\",\"target\":[\"https:\\\/\\\/shop.barfuesser.ch\\\/gutscheine\\\/impressum\\\/\"]}]},{\"@type\":\"BreadcrumbList\",\"@id\":\"https:\\\/\\\/shop.barfuesser.ch\\\/gutscheine\\\/impressum\\\/#breadcrumb\",\"itemListElement\":[{\"@type\":\"ListItem\",\"position\":1,\"name\":\"Home\",\"item\":\"https:\\\/\\\/shop.barfuesser.ch\\\/gutscheine\\\/\"},{\"@type\":\"ListItem\",\"position\":2,\"name\":\"Impressum\"}]},{\"@type\":\"WebSite\",\"@id\":\"https:\\\/\\\/shop.barfuesser.ch\\\/gutscheine\\\/#website\",\"url\":\"https:\\\/\\\/shop.barfuesser.ch\\\/gutscheine\\\/\",\"name\":\"Barf\u00fcsser Gutscheine\",\"description\":\"Sushi home delivery\",\"potentialAction\":[{\"@type\":\"SearchAction\",\"target\":{\"@type\":\"EntryPoint\",\"urlTemplate\":\"https:\\\/\\\/shop.barfuesser.ch\\\/gutscheine\\\/?s={search_term_string}\"},\"query-input\":{\"@type\":\"PropertyValueSpecification\",\"valueRequired\":true,\"valueName\":\"search_term_string\"}}],\"inLanguage\":\"de\"}]}<\/script>\n<!-- \/ Yoast SEO plugin. -->","yoast_head_json":{"title":"Impressum - Barf\u00fcsser Gutscheine","robots":{"index":"index","follow":"follow","max-snippet":"max-snippet:-1","max-image-preview":"max-image-preview:large","max-video-preview":"max-video-preview:-1"},"canonical":"https:\/\/shop.barfuesser.ch\/gutscheine\/impressum\/","og_locale":"de_DE","og_type":"article","og_title":"Impressum - Barf\u00fcsser Gutscheine","og_description":"Impressum Restaurant Barf\u00fcsserKTF GmbHBahnhofstrasse 398706 Meilen Kontakt Telefon:\u00a0044 923 04 08E-Mail: meilen@barfuesser.ch Shopl\u00f6sung Onlineshop wird bereitgestellt durch lieferchef.ch Haftungsausschluss Der Autor \u00fcbernimmt keinerlei Gew\u00e4hr hinsichtlich der inhaltlichen Richtigkeit, Genauigkeit, Aktualit\u00e4t, Zuverl\u00e4ssigkeit und Vollst\u00e4ndigkeit der Informationen. Haftungsanspr\u00fcche gegen den Autor wegen Sch\u00e4den materieller oder immaterieller Art, welche aus dem Zugriff oder der Nutzung bzw. Nichtnutzung der [&hellip;]","og_url":"https:\/\/shop.barfuesser.ch\/gutscheine\/impressum\/","og_site_name":"Barf\u00fcsser Gutscheine","article_modified_time":"2026-03-27T14:51:08+00:00","twitter_card":"summary_large_image","twitter_misc":{"Gesch\u00e4tzte Lesezeit":"1\u00a0Minute"},"schema":{"@context":"https:\/\/schema.org","@graph":[{"@type":"WebPage","@id":"https:\/\/shop.barfuesser.ch\/gutscheine\/impressum\/","url":"https:\/\/shop.barfuesser.ch\/gutscheine\/impressum\/","name":"Impressum - Barf\u00fcsser Gutscheine","isPartOf":{"@id":"https:\/\/shop.barfuesser.ch\/gutscheine\/#website"},"datePublished":"2021-10-29T14:07:09+00:00","dateModified":"2026-03-27T14:51:08+00:00","breadcrumb":{"@id":"https:\/\/shop.barfuesser.ch\/gutscheine\/impressum\/#breadcrumb"},"inLanguage":"de","potentialAction":[{"@type":"ReadAction","target":["https:\/\/shop.barfuesser.ch\/gutscheine\/impressum\/"]}]},{"@type":"BreadcrumbList","@id":"https:\/\/shop.barfuesser.ch\/gutscheine\/impressum\/#breadcrumb","itemListElement":[{"@type":"ListItem","position":1,"name":"Home","item":"https:\/\/shop.barfuesser.ch\/gutscheine\/"},{"@type":"ListItem","position":2,"name":"Impressum"}]},{"@type":"WebSite","@id":"https:\/\/shop.barfuesser.ch\/gutscheine\/#website","url":"https:\/\/shop.barfuesser.ch\/gutscheine\/","name":"Barf\u00fcsser Gutscheine","description":"Sushi home delivery","potentialAction":[{"@type":"SearchAction","target":{"@type":"EntryPoint","urlTemplate":"https:\/\/shop.barfuesser.ch\/gutscheine\/?s={search_term_string}"},"query-input":{"@type":"PropertyValueSpecification","valueRequired":true,"valueName":"search_term_string"}}],"inLanguage":"de"}]}},"_links":{"self":[{"href":"https:\/\/shop.barfuesser.ch\/gutscheine\/wp-json\/wp\/v2\/pages\/86085","targetHints":{"allow":["GET"]}}],"collection":[{"href":"https:\/\/shop.barfuesser.ch\/gutscheine\/wp-json\/wp\/v2\/pages"}],"about":[{"href":"https:\/\/shop.barfuesser.ch\/gutscheine\/wp-json\/wp\/v2\/types\/page"}],"author":[{"embeddable":true,"href":"https:\/\/shop.barfuesser.ch\/gutscheine\/wp-json\/wp\/v2\/users\/1"}],"replies":[{"embeddable":true,"href":"https:\/\/shop.barfuesser.ch\/gutscheine\/wp-json\/wp\/v2\/comments?post=86085"}],"version-history":[{"count":2,"href":"https:\/\/shop.barfuesser.ch\/gutscheine\/wp-json\/wp\/v2\/pages\/86085\/revisions"}],"predecessor-version":[{"id":90561,"href":"https:\/\/shop.barfuesser.ch\/gutscheine\/wp-json\/wp\/v2\/pages\/86085\/revisions\/90561"}],"wp:attachment":[{"href":"https:\/\/shop.barfuesser.ch\/gutscheine\/wp-json\/wp\/v2\/media?parent=86085"}],"curies":[{"name":"wp","href":"https:\/\/api.w.org\/{rel}","templated":true}]}}